{"id":38,"date":"2018-01-19T13:35:02","date_gmt":"2018-01-19T12:35:02","guid":{"rendered":"http:\/\/www.anteltecno.eu\/atp\/?page_id=38"},"modified":"2024-01-22T13:32:16","modified_gmt":"2024-01-22T12:32:16","slug":"prodotti","status":"publish","type":"page","link":"https:\/\/www.anteltecno.eu\/index.php\/prodotti\/","title":{"rendered":"Prodotti"},"content":{"rendered":"<p>ANTEL TECNO \u00e8 sinonimo di <strong>qualit\u00e0, affidabilit\u00e0 e costi contenuti<\/strong>.<\/p>\n<p>Per rispondere a tali necessit\u00e0, ANTEL TECNO dedica quotidianamente\u00a0<strong>esperienza, professionalit\u00e0, competenza e massima attenzione<\/strong>\u00a0alla produzione di dispositivi e prodotti anche dedicati, investendo tempo e risorse sull\u2019aspetto legato all\u2019innovazione, componente fondamentale per ogni attivit\u00e0 del nostro periodo storico.<\/p>\n<p>ANTEL TECNO\u00a0 \u00e8 specializzata nella produzione di sistemi sia per il mercato OEM, nazionale ed internazionale, sia nella realizzazione di prodotti di natura elettronica personalizzati sulle singole esigenze del cliente, accompagnati da un pronto servizio di assistenza.<\/p>\n<p><strong>Prodotti<\/strong><\/p>\n<ul>\n<li>Controlli Automatici<\/li>\n<li>PLC proprietari<\/li>\n<li>Centraline di controllo dei processi<\/li>\n<li>Sensoristica<\/li>\n<li><a href=\"https:\/\/www.anteltecno.eu\/index.php\/ups-gruppi-di-continuita\/\">Gruppi di continuit\u00e0 statici fino a 4,8MVA<\/a><\/li>\n<li>Gruppi elettrogeni fino a 3,6 MVA<\/li>\n<li>Inverter DC\/AC pseudo e sinusoidale<\/li>\n<\/ul>\n<p>A fianco dell&#8217;attivit\u00e0 produttiva, la ANTEL TECNO offre anche i seguenti :<\/p>\n<p><strong>Servizi<\/strong><\/p>\n<ul>\n<li>Assistenza tecnica di natura elettrica ed elettronica<\/li>\n<li>Analisi e studio dei processi produttivi finalizzati all&#8217;ottimizzazione e riduzione dei costi<\/li>\n<li>Riparazione di apparati anche datati, grazie alla capacit\u00e0 di &#8220;ricreare&#8221; schede elettroniche introvabili qualora fosse necessario<\/li>\n<li>Progettazione e costruzione di prodotti custom a base elettronica, totalmente personalizzati sulle richieste e sulle esigenze del cliente, dall&#8217;idea al chiavi in mano<\/li>\n<\/ul>\n","protected":false},"excerpt":{"rendered":"<p>ANTEL TECNO \u00e8 sinonimo di qualit\u00e0, affidabilit\u00e0 e costi contenuti. Per rispondere a tali necessit\u00e0, ANTEL TECNO dedica quotidianamente\u00a0esperienza, professionalit\u00e0, competenza e massima attenzione\u00a0alla produzione di dispositivi e prodotti anche dedicati, investendo tempo e risorse sull\u2019aspetto legato all\u2019innovazione, componente fondamentale per ogni attivit\u00e0 del nostro periodo storico. ANTEL TECNO\u00a0 \u00e8 specializzata nella produzione di sistemi [&hellip;]<\/p>\n","protected":false},"author":1,"featured_media":77,"parent":0,"menu_order":0,"comment_status":"closed","ping_status":"closed","template":"","meta":{"footnotes":""},"class_list":["post-38","page","type-page","status-publish","has-post-thumbnail","hentry"],"_links":{"self":[{"href":"https:\/\/www.anteltecno.eu\/index.php\/wp-json\/wp\/v2\/pages\/38","targetHints":{"allow":["GET"]}}],"collection":[{"href":"https:\/\/www.anteltecno.eu\/index.php\/wp-json\/wp\/v2\/pages"}],"about":[{"href":"https:\/\/www.anteltecno.eu\/index.php\/wp-json\/wp\/v2\/types\/page"}],"author":[{"embeddable":true,"href":"https:\/\/www.anteltecno.eu\/index.php\/wp-json\/wp\/v2\/users\/1"}],"replies":[{"embeddable":true,"href":"https:\/\/www.anteltecno.eu\/index.php\/wp-json\/wp\/v2\/comments?post=38"}],"version-history":[{"count":4,"href":"https:\/\/www.anteltecno.eu\/index.php\/wp-json\/wp\/v2\/pages\/38\/revisions"}],"predecessor-version":[{"id":802,"href":"https:\/\/www.anteltecno.eu\/index.php\/wp-json\/wp\/v2\/pages\/38\/revisions\/802"}],"wp:featuredmedia":[{"embeddable":true,"href":"https:\/\/www.anteltecno.eu\/index.php\/wp-json\/wp\/v2\/media\/77"}],"wp:attachment":[{"href":"https:\/\/www.anteltecno.eu\/index.php\/wp-json\/wp\/v2\/media?parent=38"}],"curies":[{"name":"wp","href":"https:\/\/api.w.org\/{rel}","templated":true}]}}